{"id":2509,"date":"2019-10-14T20:49:12","date_gmt":"2019-10-14T18:49:12","guid":{"rendered":"https:\/\/site1.cgd.dk\/?page_id=2509"},"modified":"2020-07-10T13:24:54","modified_gmt":"2020-07-10T11:24:54","slug":"personale","status":"publish","type":"page","link":"https:\/\/no.cgmsite.dk\/malibu\/personale\/","title":{"rendered":"Personale"},"content":{"rendered":"\n<div class=\"wp-block-ugb-team-member ugb-team-member ugb-bf9b6a8 ugb-team-member--v3 ugb-team-member--design-plain ugb-team-member--columns-3 ugb-main-block\" id=\"\"><style>.ugb-bf9b6a8 .ugb-img{width:-3px;height:auto !important;-webkit-mask-image:url('data:image\/svg+xml;base64,PHN2ZyB2aWV3Qm94PSIwIDAgMTAwIDEwMCIgeG1sbnM9Imh0dHA6Ly93d3cudzMub3JnLzIwMDAvc3ZnIj48Y2lyY2xlIGN4PSI1MCIgY3k9IjUwIiByPSI1MCI+PC9jaXJjbGU+PC9zdmc+');mask-image:url('data:image\/svg+xml;base64,PHN2ZyB2aWV3Qm94PSIwIDAgMTAwIDEwMCIgeG1sbnM9Imh0dHA6Ly93d3cudzMub3JnLzIwMDAvc3ZnIj48Y2lyY2xlIGN4PSI1MCIgY3k9IjUwIiByPSI1MCI+PC9jaXJjbGU+PC9zdmc+')}.ugb-bf9b6a8 .ugb-team-member__image{width:-3px !important}<\/style><div class=\"ugb-inner-block\"><div class=\"ugb-block-content\"><div class=\"ugb-team-member__item ugb-team-member__item1\"><div class=\"ugb-team-member__image\"><img decoding=\"async\" class=\"ugb-img wp-image-5162 ugb-img--shape\" src=\"https:\/\/no.cgmsite.dk\/malibu\/wp-content\/uploads\/sites\/3\/2020\/06\/Kvinne1.jpg\" alt=\"Nora Vallander\" width=\"-3\" srcset=\"https:\/\/no.cgmsite.dk\/malibu\/wp-content\/uploads\/sites\/3\/2020\/06\/Kvinne1.jpg 262w, https:\/\/no.cgmsite.dk\/malibu\/wp-content\/uploads\/sites\/3\/2020\/06\/Kvinne1-150x150.jpg 150w\" sizes=\"(max-width: 262px) 100vw, 262px\" \/><\/div><div class=\"ugb-team-member__content\"><div class=\"ugb-team-member__title\"><h4 class=\"ugb-team-member__name\">Nora Vallander<\/h4><p class=\"ugb-team-member__position\">Helsesekret\u00e6r<\/p><\/div><\/div><\/div><div class=\"ugb-team-member__item ugb-team-member__item2\"><div class=\"ugb-team-member__image\"><img decoding=\"async\" class=\"ugb-img wp-image-5165 ugb-img--shape\" src=\"https:\/\/no.cgmsite.dk\/malibu\/wp-content\/uploads\/sites\/3\/2020\/06\/Mann2.jpg\" alt=\"Knut Bryn\" width=\"-3\" srcset=\"https:\/\/no.cgmsite.dk\/malibu\/wp-content\/uploads\/sites\/3\/2020\/06\/Mann2.jpg 262w, https:\/\/no.cgmsite.dk\/malibu\/wp-content\/uploads\/sites\/3\/2020\/06\/Mann2-150x150.jpg 150w\" sizes=\"(max-width: 262px) 100vw, 262px\" \/><\/div><div class=\"ugb-team-member__content\"><div class=\"ugb-team-member__title\"><h4 class=\"ugb-team-member__name\">Knut Bryn<\/h4><p class=\"ugb-team-member__position\">Helsesekret\u00e6r<\/p><\/div><\/div><\/div><div class=\"ugb-team-member__item ugb-team-member__item3\"><div class=\"ugb-team-member__image\"><img decoding=\"async\" class=\"ugb-img wp-image-5163 ugb-img--shape\" src=\"https:\/\/no.cgmsite.dk\/malibu\/wp-content\/uploads\/sites\/3\/2020\/06\/Kvinne2.jpg\" alt=\"Milla Gudme\" width=\"-3\" srcset=\"https:\/\/no.cgmsite.dk\/malibu\/wp-content\/uploads\/sites\/3\/2020\/06\/Kvinne2.jpg 262w, https:\/\/no.cgmsite.dk\/malibu\/wp-content\/uploads\/sites\/3\/2020\/06\/Kvinne2-150x150.jpg 150w\" sizes=\"(max-width: 262px) 100vw, 262px\" \/><\/div><div class=\"ugb-team-member__content\"><div class=\"ugb-team-member__title\"><h4 class=\"ugb-team-member__name\">Milla Gudme<\/h4><p class=\"ugb-team-member__position\">Helsesekret\u00e6r<\/p><\/div><\/div><\/div><\/div><\/div><\/div>\n","protected":false},"excerpt":{"rendered":"<p>Nora Vallander Helsesekret\u00e6r Knut Bryn Helsesekret\u00e6r Milla Gudme Helsesekret\u00e6r<\/p>\n","protected":false},"author":3,"featured_media":0,"parent":0,"menu_order":0,"comment_status":"closed","ping_status":"closed","template":"","meta":{"_uag_custom_page_level_css":"","ocean_post_layout":"","ocean_both_sidebars_style":"","ocean_both_sidebars_content_width":0,"ocean_both_sidebars_sidebars_width":0,"ocean_sidebar":"0","ocean_second_sidebar":"0","ocean_disable_margins":"enable","ocean_add_body_class":"","ocean_shortcode_before_top_bar":"","ocean_shortcode_after_top_bar":"","ocean_shortcode_before_header":"","ocean_shortcode_after_header":"","ocean_has_shortcode":"","ocean_shortcode_after_title":"","ocean_shortcode_before_footer_widgets":"","ocean_shortcode_after_footer_widgets":"","ocean_shortcode_before_footer_bottom":"","ocean_shortcode_after_footer_bottom":"","ocean_display_top_bar":"default","ocean_display_header":"default","ocean_header_style":"","ocean_center_header_left_menu":"0","ocean_custom_header_template":"0","ocean_custom_logo":0,"ocean_custom_retina_logo":0,"ocean_custom_logo_max_width":0,"ocean_custom_logo_tablet_max_width":0,"ocean_custom_logo_mobile_max_width":0,"ocean_custom_logo_max_height":0,"ocean_custom_logo_tablet_max_height":0,"ocean_custom_logo_mobile_max_height":0,"ocean_header_custom_menu":"0","ocean_menu_typo_font_family":"0","ocean_menu_typo_font_subset":"","ocean_menu_typo_font_size":0,"ocean_menu_typo_font_size_tablet":0,"ocean_menu_typo_font_size_mobile":0,"ocean_menu_typo_font_size_unit":"px","ocean_menu_typo_font_weight":"","ocean_menu_typo_font_weight_tablet":"","ocean_menu_typo_font_weight_mobile":"","ocean_menu_typo_transform":"","ocean_menu_typo_transform_tablet":"","ocean_menu_typo_transform_mobile":"","ocean_menu_typo_line_height":0,"ocean_menu_typo_line_height_tablet":0,"ocean_menu_typo_line_height_mobile":0,"ocean_menu_typo_line_height_unit":"","ocean_menu_typo_spacing":0,"ocean_menu_typo_spacing_tablet":0,"ocean_menu_typo_spacing_mobile":0,"ocean_menu_typo_spacing_unit":"","ocean_menu_link_color":"","ocean_menu_link_color_hover":"","ocean_menu_link_color_active":"","ocean_menu_link_background":"","ocean_menu_link_hover_background":"","ocean_menu_link_active_background":"","ocean_menu_social_links_bg":"","ocean_menu_social_hover_links_bg":"","ocean_menu_social_links_color":"","ocean_menu_social_hover_links_color":"","ocean_disable_title":"default","ocean_disable_heading":"default","ocean_post_title":"","ocean_post_subheading":"","ocean_post_title_style":"","ocean_post_title_background_color":"","ocean_post_title_background":0,"ocean_post_title_bg_image_position":"","ocean_post_title_bg_image_attachment":"","ocean_post_title_bg_image_repeat":"","ocean_post_title_bg_image_size":"","ocean_post_title_height":0,"ocean_post_title_bg_overlay":0.5,"ocean_post_title_bg_overlay_color":"","ocean_disable_breadcrumbs":"default","ocean_breadcrumbs_color":"","ocean_breadcrumbs_separator_color":"","ocean_breadcrumbs_links_color":"","ocean_breadcrumbs_links_hover_color":"","ocean_display_footer_widgets":"default","ocean_display_footer_bottom":"default","ocean_custom_footer_template":"0","footnotes":""},"class_list":["post-2509","page","type-page","status-publish","hentry","entry"],"featured_image_urls_v2":{"full":"","thumbnail":"","medium":"","medium_large":"","large":"","1536x1536":"","2048x2048":"","ocean-thumb-m":"","ocean-thumb-ml":"","ocean-thumb-l":""},"post_excerpt_stackable_v2":"<p>Nora VallanderHelsesekret\u00e6rKnut BrynHelsesekret\u00e6rMilla GudmeHelsesekret\u00e6r<\/p>\n","category_list_v2":"","author_info_v2":{"name":"cgmdk","url":"https:\/\/no.cgmsite.dk\/malibu\/author\/cgmdk\/"},"comments_num_v2":"0 kommentarer","uagb_featured_image_src":{"full":false,"thumbnail":false,"medium":false,"medium_large":false,"large":false,"1536x1536":false,"2048x2048":false,"ocean-thumb-m":false,"ocean-thumb-ml":false,"ocean-thumb-l":false},"uagb_author_info":{"display_name":"cgmdk","author_link":"https:\/\/no.cgmsite.dk\/malibu\/author\/cgmdk\/"},"uagb_comment_info":0,"uagb_excerpt":"Nora Vallander Helsesekret\u00e6r Knut Bryn Helsesekret\u00e6r Milla Gudme Helsesekret\u00e6r","_links":{"self":[{"href":"https:\/\/no.cgmsite.dk\/malibu\/wp-json\/wp\/v2\/pages\/2509","targetHints":{"allow":["GET"]}}],"collection":[{"href":"https:\/\/no.cgmsite.dk\/malibu\/wp-json\/wp\/v2\/pages"}],"about":[{"href":"https:\/\/no.cgmsite.dk\/malibu\/wp-json\/wp\/v2\/types\/page"}],"author":[{"embeddable":true,"href":"https:\/\/no.cgmsite.dk\/malibu\/wp-json\/wp\/v2\/users\/3"}],"replies":[{"embeddable":true,"href":"https:\/\/no.cgmsite.dk\/malibu\/wp-json\/wp\/v2\/comments?post=2509"}],"version-history":[{"count":3,"href":"https:\/\/no.cgmsite.dk\/malibu\/wp-json\/wp\/v2\/pages\/2509\/revisions"}],"predecessor-version":[{"id":5322,"href":"https:\/\/no.cgmsite.dk\/malibu\/wp-json\/wp\/v2\/pages\/2509\/revisions\/5322"}],"wp:attachment":[{"href":"https:\/\/no.cgmsite.dk\/malibu\/wp-json\/wp\/v2\/media?parent=2509"}],"curies":[{"name":"wp","href":"https:\/\/api.w.org\/{rel}","templated":true}]}}