{"id":2915,"date":"2019-10-25T14:29:39","date_gmt":"2019-10-25T12:29:39","guid":{"rendered":"https:\/\/site1.cgd.dk\/?page_id=2915"},"modified":"2022-02-11T16:02:28","modified_gmt":"2022-02-11T15:02:28","slug":"leger","status":"publish","type":"page","link":"https:\/\/no.cgmsite.dk\/malibu\/leger\/","title":{"rendered":"Leger"},"content":{"rendered":"\n<div class=\"wp-block-ugb-team-member ugb-team-member ugb-2357bbc ugb-team-member--v3 ugb-team-member--design-plain ugb-team-member--columns-3 ugb-main-block\" id=\"\"><style>.ugb-2357bbc .ugb-img{width:-3px;height:auto !important;-webkit-mask-image:url('data:image\/svg+xml;base64,PHN2ZyB2aWV3Qm94PSIwIDAgMTAwIDEwMCIgeG1sbnM9Imh0dHA6Ly93d3cudzMub3JnLzIwMDAvc3ZnIj48Y2lyY2xlIGN4PSI1MCIgY3k9IjUwIiByPSI1MCI+PC9jaXJjbGU+PC9zdmc+');mask-image:url('data:image\/svg+xml;base64,PHN2ZyB2aWV3Qm94PSIwIDAgMTAwIDEwMCIgeG1sbnM9Imh0dHA6Ly93d3cudzMub3JnLzIwMDAvc3ZnIj48Y2lyY2xlIGN4PSI1MCIgY3k9IjUwIiByPSI1MCI+PC9jaXJjbGU+PC9zdmc+')}.ugb-2357bbc .ugb-team-member__image{width:-3px !important}<\/style><div class=\"ugb-inner-block\"><div class=\"ugb-block-content\"><div class=\"ugb-team-member__item ugb-team-member__item1\"><div class=\"ugb-team-member__image\"><img decoding=\"async\" class=\"ugb-img wp-image-5163 ugb-img--shape\" src=\"https:\/\/no.cgmsite.dk\/malibu\/wp-content\/uploads\/sites\/3\/2020\/06\/Kvinne2.jpg\" alt=\"Bente Nystog\u00e5\" width=\"-3\" srcset=\"https:\/\/no.cgmsite.dk\/malibu\/wp-content\/uploads\/sites\/3\/2020\/06\/Kvinne2.jpg 262w, https:\/\/no.cgmsite.dk\/malibu\/wp-content\/uploads\/sites\/3\/2020\/06\/Kvinne2-150x150.jpg 150w\" sizes=\"(max-width: 262px) 100vw, 262px\" \/><\/div><div class=\"ugb-team-member__content\"><div class=\"ugb-team-member__title\"><h4 class=\"ugb-team-member__name\">Bente Nystog\u00e5<\/h4><p class=\"ugb-team-member__position\">Fastlege &#8211; Spesialist i Allmennmedisin<\/p><\/div><p class=\"ugb-team-member__description\">Dr. Bente Nystog\u00e5 har mange \u00e5rs erfaring fra tidligere klinikker. Han startet sitt arbeid her hos oss i CGM Legekontor i 2010 og har stortrivdes her siden da.<\/p><\/div><\/div><div class=\"ugb-team-member__item ugb-team-member__item2\"><div class=\"ugb-team-member__image\"><img decoding=\"async\" class=\"ugb-img wp-image-5164 ugb-img--shape\" src=\"https:\/\/no.cgmsite.dk\/malibu\/wp-content\/uploads\/sites\/3\/2020\/06\/Mann1.jpg\" alt=\"Fred Hansen\" width=\"-3\" srcset=\"https:\/\/no.cgmsite.dk\/malibu\/wp-content\/uploads\/sites\/3\/2020\/06\/Mann1.jpg 262w, https:\/\/no.cgmsite.dk\/malibu\/wp-content\/uploads\/sites\/3\/2020\/06\/Mann1-150x150.jpg 150w\" sizes=\"(max-width: 262px) 100vw, 262px\" \/><\/div><div class=\"ugb-team-member__content\"><div class=\"ugb-team-member__title\"><h4 class=\"ugb-team-member__name\">Fred Hansen<\/h4><p class=\"ugb-team-member__position\">Fastlege &#8211; Spesialist i Allmennmedisin<\/p><\/div><p class=\"ugb-team-member__description\">Dr. Fred Hansen har sin bakgrunn fra Storh\u00f8gda Legekontor hvor han har arbeidet som allmennpraktiserende lege i 3 \u00e5r f\u00f8r han startet her i CGM Legekontor.<\/p><\/div><\/div><div class=\"ugb-team-member__item ugb-team-member__item3\"><div class=\"ugb-team-member__image\"><img decoding=\"async\" class=\"ugb-img wp-image-5162 ugb-img--shape\" src=\"https:\/\/no.cgmsite.dk\/malibu\/wp-content\/uploads\/sites\/3\/2020\/06\/Kvinne1.jpg\" alt=\"Ulrikke Fredriksen\" width=\"-3\" srcset=\"https:\/\/no.cgmsite.dk\/malibu\/wp-content\/uploads\/sites\/3\/2020\/06\/Kvinne1.jpg 262w, https:\/\/no.cgmsite.dk\/malibu\/wp-content\/uploads\/sites\/3\/2020\/06\/Kvinne1-150x150.jpg 150w\" sizes=\"(max-width: 262px) 100vw, 262px\" \/><\/div><div class=\"ugb-team-member__content\"><div class=\"ugb-team-member__title\"><h4 class=\"ugb-team-member__name\">Ulrikke Fredriksen<\/h4><p class=\"ugb-team-member__position\">Fastlege &#8211; Spesialist i Allmennmedisin<\/p><\/div><p class=\"ugb-team-member__description\">Dr. Ulrikke Fredriksen staret her i CGM Legekontor i 2012 og har gledet b\u00e5de kollegaer og pasienter siden, med sitt blide \u00e5syn.<\/p><\/div><\/div><\/div><\/div><\/div>\n\n\n\n<div class=\"wp-block-ugb-team-member ugb-team-member ugb-81856db ugb-team-member--v3 ugb-team-member--design-plain ugb-team-member--columns-3 ugb-main-block\" id=\"\"><style>.ugb-81856db .ugb-img{-webkit-mask-image:url('data:image\/svg+xml;base64,PHN2ZyB2aWV3Qm94PSIwIDAgMTAwIDEwMCIgeG1sbnM9Imh0dHA6Ly93d3cudzMub3JnLzIwMDAvc3ZnIj48Y2lyY2xlIGN4PSI1MCIgY3k9IjUwIiByPSI1MCI+PC9jaXJjbGU+PC9zdmc+');mask-image:url('data:image\/svg+xml;base64,PHN2ZyB2aWV3Qm94PSIwIDAgMTAwIDEwMCIgeG1sbnM9Imh0dHA6Ly93d3cudzMub3JnLzIwMDAvc3ZnIj48Y2lyY2xlIGN4PSI1MCIgY3k9IjUwIiByPSI1MCI+PC9jaXJjbGU+PC9zdmc+')}<\/style><div class=\"ugb-inner-block\"><div class=\"ugb-block-content\"><div class=\"ugb-team-member__item ugb-team-member__item1\"><div class=\"ugb-team-member__image\"><img fetchpriority=\"high\" decoding=\"async\" width=\"262\" height=\"262\" class=\"ugb-img wp-image-5162 ugb-img--shape\" src=\"https:\/\/no.cgmsite.dk\/malibu\/wp-content\/uploads\/sites\/3\/2020\/06\/Kvinne1.jpg\" alt=\"Navn\" srcset=\"https:\/\/no.cgmsite.dk\/malibu\/wp-content\/uploads\/sites\/3\/2020\/06\/Kvinne1.jpg 262w, https:\/\/no.cgmsite.dk\/malibu\/wp-content\/uploads\/sites\/3\/2020\/06\/Kvinne1-150x150.jpg 150w\" sizes=\"(max-width: 262px) 100vw, 262px\" \/><\/div><div class=\"ugb-team-member__content\"><div class=\"ugb-team-member__title\"><h4 class=\"ugb-team-member__name\">Navn<\/h4><p class=\"ugb-team-member__position\">Stilling<\/p><\/div><p class=\"ugb-team-member__description\">Beskrivelse for denne blokken. Du kan bruke denne plassen til \u00e5 beskrive din blokk. Enhver tekst vil duge. Beskrivelse for denne blokken. Du kan bruke denne plassen til \u00e5 beskrive din blokk.<\/p><\/div><\/div><div class=\"ugb-team-member__item ugb-team-member__item2\"><div class=\"ugb-team-member__image\"><img decoding=\"async\" width=\"262\" height=\"262\" class=\"ugb-img wp-image-5164 ugb-img--shape\" src=\"https:\/\/no.cgmsite.dk\/malibu\/wp-content\/uploads\/sites\/3\/2020\/06\/Mann1.jpg\" alt=\"Navn\" srcset=\"https:\/\/no.cgmsite.dk\/malibu\/wp-content\/uploads\/sites\/3\/2020\/06\/Mann1.jpg 262w, https:\/\/no.cgmsite.dk\/malibu\/wp-content\/uploads\/sites\/3\/2020\/06\/Mann1-150x150.jpg 150w\" sizes=\"(max-width: 262px) 100vw, 262px\" \/><\/div><div class=\"ugb-team-member__content\"><div class=\"ugb-team-member__title\"><h4 class=\"ugb-team-member__name\">Navn<\/h4><p class=\"ugb-team-member__position\">Stilling<\/p><\/div><p class=\"ugb-team-member__description\">Beskrivelse for denne blokken. Du kan bruke denne plassen til \u00e5 beskrive din blokk. Enhver tekst vil duge. Beskrivelse for denne blokken. Du kan bruke denne plassen til \u00e5 beskrive din blokk.<\/p><\/div><\/div><div class=\"ugb-team-member__item ugb-team-member__item3\"><div class=\"ugb-team-member__image\"><img decoding=\"async\" width=\"262\" height=\"262\" class=\"ugb-img wp-image-5165 ugb-img--shape\" src=\"https:\/\/no.cgmsite.dk\/malibu\/wp-content\/uploads\/sites\/3\/2020\/06\/Mann2.jpg\" alt=\"Navn\" srcset=\"https:\/\/no.cgmsite.dk\/malibu\/wp-content\/uploads\/sites\/3\/2020\/06\/Mann2.jpg 262w, https:\/\/no.cgmsite.dk\/malibu\/wp-content\/uploads\/sites\/3\/2020\/06\/Mann2-150x150.jpg 150w\" sizes=\"(max-width: 262px) 100vw, 262px\" \/><\/div><div class=\"ugb-team-member__content\"><div class=\"ugb-team-member__title\"><h4 class=\"ugb-team-member__name\">Navn<\/h4><p class=\"ugb-team-member__position\">Stilling<\/p><\/div><p class=\"ugb-team-member__description\">Beskrivelse for denne blokken. Du kan bruke denne plassen til \u00e5 beskrive din blokk. Enhver tekst vil duge. Beskrivelse for denne blokken. Du kan bruke denne plassen til \u00e5 beskrive din blokk.<\/p><\/div><\/div><\/div><\/div><\/div>\n","protected":false},"excerpt":{"rendered":"<p>Navn Stilling Beskrivelse for denne blokken. Du kan bruke denne plassen til \u00e5 beskrive din blokk. Enhver tekst vil duge. Beskrivelse for denne blokken. Du kan bruke denne plassen til \u00e5 beskrive din blokk. Navn Stilling Beskrivelse for denne blokken. Du kan bruke denne plassen til \u00e5 beskrive din blokk. Enhver tekst vil duge. Beskrivelse [&hellip;]<\/p>\n","protected":false},"author":3,"featured_media":0,"parent":0,"menu_order":0,"comment_status":"closed","ping_status":"closed","template":"","meta":{"_uag_custom_page_level_css":"","ocean_post_layout":"","ocean_both_sidebars_style":"","ocean_both_sidebars_content_width":0,"ocean_both_sidebars_sidebars_width":0,"ocean_sidebar":"0","ocean_second_sidebar":"0","ocean_disable_margins":"enable","ocean_add_body_class":"","ocean_shortcode_before_top_bar":"","ocean_shortcode_after_top_bar":"","ocean_shortcode_before_header":"","ocean_shortcode_after_header":"","ocean_has_shortcode":"","ocean_shortcode_after_title":"","ocean_shortcode_before_footer_widgets":"","ocean_shortcode_after_footer_widgets":"","ocean_shortcode_before_footer_bottom":"","ocean_shortcode_after_footer_bottom":"","ocean_display_top_bar":"default","ocean_display_header":"default","ocean_header_style":"","ocean_center_header_left_menu":"0","ocean_custom_header_template":"0","ocean_custom_logo":0,"ocean_custom_retina_logo":0,"ocean_custom_logo_max_width":0,"ocean_custom_logo_tablet_max_width":0,"ocean_custom_logo_mobile_max_width":0,"ocean_custom_logo_max_height":0,"ocean_custom_logo_tablet_max_height":0,"ocean_custom_logo_mobile_max_height":0,"ocean_header_custom_menu":"0","ocean_menu_typo_font_family":"0","ocean_menu_typo_font_subset":"","ocean_menu_typo_font_size":0,"ocean_menu_typo_font_size_tablet":0,"ocean_menu_typo_font_size_mobile":0,"ocean_menu_typo_font_size_unit":"px","ocean_menu_typo_font_weight":"","ocean_menu_typo_font_weight_tablet":"","ocean_menu_typo_font_weight_mobile":"","ocean_menu_typo_transform":"","ocean_menu_typo_transform_tablet":"","ocean_menu_typo_transform_mobile":"","ocean_menu_typo_line_height":0,"ocean_menu_typo_line_height_tablet":0,"ocean_menu_typo_line_height_mobile":0,"ocean_menu_typo_line_height_unit":"","ocean_menu_typo_spacing":0,"ocean_menu_typo_spacing_tablet":0,"ocean_menu_typo_spacing_mobile":0,"ocean_menu_typo_spacing_unit":"","ocean_menu_link_color":"","ocean_menu_link_color_hover":"","ocean_menu_link_color_active":"","ocean_menu_link_background":"","ocean_menu_link_hover_background":"","ocean_menu_link_active_background":"","ocean_menu_social_links_bg":"","ocean_menu_social_hover_links_bg":"","ocean_menu_social_links_color":"","ocean_menu_social_hover_links_color":"","ocean_disable_title":"default","ocean_disable_heading":"default","ocean_post_title":"","ocean_post_subheading":"","ocean_post_title_style":"","ocean_post_title_background_color":"","ocean_post_title_background":0,"ocean_post_title_bg_image_position":"","ocean_post_title_bg_image_attachment":"","ocean_post_title_bg_image_repeat":"","ocean_post_title_bg_image_size":"","ocean_post_title_height":0,"ocean_post_title_bg_overlay":0.5,"ocean_post_title_bg_overlay_color":"","ocean_disable_breadcrumbs":"default","ocean_breadcrumbs_color":"","ocean_breadcrumbs_separator_color":"","ocean_breadcrumbs_links_color":"","ocean_breadcrumbs_links_hover_color":"","ocean_display_footer_widgets":"default","ocean_display_footer_bottom":"default","ocean_custom_footer_template":"0","footnotes":""},"class_list":["post-2915","page","type-page","status-publish","hentry","entry"],"featured_image_urls_v2":{"full":"","thumbnail":"","medium":"","medium_large":"","large":"","1536x1536":"","2048x2048":"","ocean-thumb-m":"","ocean-thumb-ml":"","ocean-thumb-l":""},"post_excerpt_stackable_v2":"<p>Bente Nystog\u00e5Fastlege &#8211; Spesialist i AllmennmedisinDr. Bente Nystog\u00e5 har mange \u00e5rs erfaring fra tidligere klinikker. Han startet sitt arbeid her hos oss i CGM Legekontor i 2010 og har stortrivdes her siden da.Fred HansenFastlege &#8211; Spesialist i AllmennmedisinDr. Fred Hansen har sin bakgrunn fra Storh\u00f8gda Legekontor hvor han har arbeidet som allmennpraktiserende lege i 3 \u00e5r f\u00f8r han startet her i CGM Legekontor.Ulrikke FredriksenFastlege &#8211; Spesialist i AllmennmedisinDr. Ulrikke Fredriksen staret her i CGM Legekontor i 2012 og har gledet b\u00e5de kollegaer og pasienter siden, med sitt blide \u00e5syn. NavnStillingBeskrivelse for denne blokken. Du kan bruke denne plassen til \u00e5&hellip;<\/p>\n","category_list_v2":"","author_info_v2":{"name":"cgmdk","url":"https:\/\/no.cgmsite.dk\/malibu\/author\/cgmdk\/"},"comments_num_v2":"0 kommentarer","uagb_featured_image_src":{"full":false,"thumbnail":false,"medium":false,"medium_large":false,"large":false,"1536x1536":false,"2048x2048":false,"ocean-thumb-m":false,"ocean-thumb-ml":false,"ocean-thumb-l":false},"uagb_author_info":{"display_name":"cgmdk","author_link":"https:\/\/no.cgmsite.dk\/malibu\/author\/cgmdk\/"},"uagb_comment_info":0,"uagb_excerpt":"Navn Stilling Beskrivelse for denne blokken. Du kan bruke denne plassen til \u00e5 beskrive din blokk. Enhver tekst vil duge. Beskrivelse for denne blokken. Du kan bruke denne plassen til \u00e5 beskrive din blokk. Navn Stilling Beskrivelse for denne blokken. Du kan bruke denne plassen til \u00e5 beskrive din blokk. Enhver tekst vil duge. Beskrivelse&hellip;","_links":{"self":[{"href":"https:\/\/no.cgmsite.dk\/malibu\/wp-json\/wp\/v2\/pages\/2915","targetHints":{"allow":["GET"]}}],"collection":[{"href":"https:\/\/no.cgmsite.dk\/malibu\/wp-json\/wp\/v2\/pages"}],"about":[{"href":"https:\/\/no.cgmsite.dk\/malibu\/wp-json\/wp\/v2\/types\/page"}],"author":[{"embeddable":true,"href":"https:\/\/no.cgmsite.dk\/malibu\/wp-json\/wp\/v2\/users\/3"}],"replies":[{"embeddable":true,"href":"https:\/\/no.cgmsite.dk\/malibu\/wp-json\/wp\/v2\/comments?post=2915"}],"version-history":[{"count":4,"href":"https:\/\/no.cgmsite.dk\/malibu\/wp-json\/wp\/v2\/pages\/2915\/revisions"}],"predecessor-version":[{"id":5343,"href":"https:\/\/no.cgmsite.dk\/malibu\/wp-json\/wp\/v2\/pages\/2915\/revisions\/5343"}],"wp:attachment":[{"href":"https:\/\/no.cgmsite.dk\/malibu\/wp-json\/wp\/v2\/media?parent=2915"}],"curies":[{"name":"wp","href":"https:\/\/api.w.org\/{rel}","templated":true}]}}