{"id":3952,"date":"2020-01-17T10:59:55","date_gmt":"2020-01-17T09:59:55","guid":{"rendered":"https:\/\/site3.cgd.dk\/?page_id=3952"},"modified":"2021-02-05T10:51:39","modified_gmt":"2021-02-05T09:51:39","slug":"forsidetekst-2","status":"publish","type":"page","link":"https:\/\/no.cgmsite.dk\/malibu\/forsidetekst-2\/","title":{"rendered":"Om legekontoret"},"content":{"rendered":"\n<p class=\"has-text-align-center\">Her kan legekontoret skrive en kort velkomst-tekst.  (Siden heter \u00abOm legekontoret\u00bb) Det er viktig \u00e5 legge litt arbeid i teksten da denne ogs\u00e5 vil fungere som s\u00f8keord for potensielle pasienter som \u00abgoogler\u00bb. Pass derfor p\u00e5 \u00e5 legge inn ord som passer for hva dere tilbyr og\/eller hva dere st\u00e5r for og synes er viktig.<\/p>\n\n\n\n<p class=\"has-text-align-center\">Teksten trenger ikke v\u00e6re s\u00e5 lang, men en kort beskrivelse av f.eks. hvor dere holder til og hvor mange leger dere er. Om noen har noen spesialiteter etc. Kanskje ogs\u00e5 et motto type; \u00abVi bryr oss om deg som pasient\u00bb eller \u00abVi har mange forn\u00f8yde pasienter grunnet hyggelige leger og medarbeidere\u00bb. Bilder gj\u00f8r det alltid mer personlig, s\u00e5 pass p\u00e5 \u00e5 ta gode bilder av alle som jobber p\u00e5 legekontoret og bruk disse sammen med en kort tekst p\u00e5 sidene \u00abLeger\u00bb og \u00abMedarbeidere\u00bb.<\/p>\n","protected":false},"excerpt":{"rendered":"<p>Her kan legekontoret skrive en kort velkomst-tekst. (Siden heter \u00abOm legekontoret\u00bb) Det er viktig \u00e5 legge litt arbeid i teksten da denne ogs\u00e5 vil fungere som s\u00f8keord for potensielle pasienter som \u00abgoogler\u00bb. Pass derfor p\u00e5 \u00e5 legge inn ord som passer for hva dere tilbyr og\/eller hva dere st\u00e5r for og synes er viktig. Teksten [&hellip;]<\/p>\n","protected":false},"author":3,"featured_media":0,"parent":0,"menu_order":0,"comment_status":"closed","ping_status":"closed","template":"","meta":{"_uag_custom_page_level_css":"","ocean_post_layout":"","ocean_both_sidebars_style":"","ocean_both_sidebars_content_width":0,"ocean_both_sidebars_sidebars_width":0,"ocean_sidebar":"0","ocean_second_sidebar":"0","ocean_disable_margins":"enable","ocean_add_body_class":"","ocean_shortcode_before_top_bar":"","ocean_shortcode_after_top_bar":"","ocean_shortcode_before_header":"","ocean_shortcode_after_header":"","ocean_has_shortcode":"","ocean_shortcode_after_title":"","ocean_shortcode_before_footer_widgets":"","ocean_shortcode_after_footer_widgets":"","ocean_shortcode_before_footer_bottom":"","ocean_shortcode_after_footer_bottom":"","ocean_display_top_bar":"default","ocean_display_header":"default","ocean_header_style":"","ocean_center_header_left_menu":"0","ocean_custom_header_template":"0","ocean_custom_logo":0,"ocean_custom_retina_logo":0,"ocean_custom_logo_max_width":0,"ocean_custom_logo_tablet_max_width":0,"ocean_custom_logo_mobile_max_width":0,"ocean_custom_logo_max_height":0,"ocean_custom_logo_tablet_max_height":0,"ocean_custom_logo_mobile_max_height":0,"ocean_header_custom_menu":"0","ocean_menu_typo_font_family":"0","ocean_menu_typo_font_subset":"","ocean_menu_typo_font_size":0,"ocean_menu_typo_font_size_tablet":0,"ocean_menu_typo_font_size_mobile":0,"ocean_menu_typo_font_size_unit":"px","ocean_menu_typo_font_weight":"","ocean_menu_typo_font_weight_tablet":"","ocean_menu_typo_font_weight_mobile":"","ocean_menu_typo_transform":"","ocean_menu_typo_transform_tablet":"","ocean_menu_typo_transform_mobile":"","ocean_menu_typo_line_height":0,"ocean_menu_typo_line_height_tablet":0,"ocean_menu_typo_line_height_mobile":0,"ocean_menu_typo_line_height_unit":"","ocean_menu_typo_spacing":0,"ocean_menu_typo_spacing_tablet":0,"ocean_menu_typo_spacing_mobile":0,"ocean_menu_typo_spacing_unit":"","ocean_menu_link_color":"","ocean_menu_link_color_hover":"","ocean_menu_link_color_active":"","ocean_menu_link_background":"","ocean_menu_link_hover_background":"","ocean_menu_link_active_background":"","ocean_menu_social_links_bg":"","ocean_menu_social_hover_links_bg":"","ocean_menu_social_links_color":"","ocean_menu_social_hover_links_color":"","ocean_disable_title":"default","ocean_disable_heading":"default","ocean_post_title":"","ocean_post_subheading":"","ocean_post_title_style":"","ocean_post_title_background_color":"","ocean_post_title_background":0,"ocean_post_title_bg_image_position":"","ocean_post_title_bg_image_attachment":"","ocean_post_title_bg_image_repeat":"","ocean_post_title_bg_image_size":"","ocean_post_title_height":0,"ocean_post_title_bg_overlay":0.5,"ocean_post_title_bg_overlay_color":"","ocean_disable_breadcrumbs":"default","ocean_breadcrumbs_color":"","ocean_breadcrumbs_separator_color":"","ocean_breadcrumbs_links_color":"","ocean_breadcrumbs_links_hover_color":"","ocean_display_footer_widgets":"default","ocean_display_footer_bottom":"default","ocean_custom_footer_template":"0","footnotes":""},"class_list":["post-3952","page","type-page","status-publish","hentry","entry"],"featured_image_urls_v2":{"full":"","thumbnail":"","medium":"","medium_large":"","large":"","1536x1536":"","2048x2048":"","ocean-thumb-m":"","ocean-thumb-ml":"","ocean-thumb-l":""},"post_excerpt_stackable_v2":"<p>Her kan legekontoret skrive en kort velkomst-tekst. (Siden heter \u00abOm legekontoret\u00bb) Det er viktig \u00e5 legge litt arbeid i teksten da denne ogs\u00e5 vil fungere som s\u00f8keord for potensielle pasienter som \u00abgoogler\u00bb. Pass derfor p\u00e5 \u00e5 legge inn ord som passer for hva dere tilbyr og\/eller hva dere st\u00e5r for og synes er viktig. Teksten trenger ikke v\u00e6re s\u00e5 lang, men en kort beskrivelse av f.eks. hvor dere holder til og hvor mange leger dere er. Om noen har noen spesialiteter etc. Kanskje ogs\u00e5 et motto type; \u00abVi bryr oss om deg som pasient\u00bb eller \u00abVi har mange forn\u00f8yde pasienter&hellip;<\/p>\n","category_list_v2":"","author_info_v2":{"name":"cgmdk","url":"https:\/\/no.cgmsite.dk\/malibu\/author\/cgmdk\/"},"comments_num_v2":"0 kommentarer","uagb_featured_image_src":{"full":false,"thumbnail":false,"medium":false,"medium_large":false,"large":false,"1536x1536":false,"2048x2048":false,"ocean-thumb-m":false,"ocean-thumb-ml":false,"ocean-thumb-l":false},"uagb_author_info":{"display_name":"cgmdk","author_link":"https:\/\/no.cgmsite.dk\/malibu\/author\/cgmdk\/"},"uagb_comment_info":0,"uagb_excerpt":"Her kan legekontoret skrive en kort velkomst-tekst. (Siden heter \u00abOm legekontoret\u00bb) Det er viktig \u00e5 legge litt arbeid i teksten da denne ogs\u00e5 vil fungere som s\u00f8keord for potensielle pasienter som \u00abgoogler\u00bb. Pass derfor p\u00e5 \u00e5 legge inn ord som passer for hva dere tilbyr og\/eller hva dere st\u00e5r for og synes er viktig. Teksten&hellip;","_links":{"self":[{"href":"https:\/\/no.cgmsite.dk\/malibu\/wp-json\/wp\/v2\/pages\/3952","targetHints":{"allow":["GET"]}}],"collection":[{"href":"https:\/\/no.cgmsite.dk\/malibu\/wp-json\/wp\/v2\/pages"}],"about":[{"href":"https:\/\/no.cgmsite.dk\/malibu\/wp-json\/wp\/v2\/types\/page"}],"author":[{"embeddable":true,"href":"https:\/\/no.cgmsite.dk\/malibu\/wp-json\/wp\/v2\/users\/3"}],"replies":[{"embeddable":true,"href":"https:\/\/no.cgmsite.dk\/malibu\/wp-json\/wp\/v2\/comments?post=3952"}],"version-history":[{"count":6,"href":"https:\/\/no.cgmsite.dk\/malibu\/wp-json\/wp\/v2\/pages\/3952\/revisions"}],"predecessor-version":[{"id":5330,"href":"https:\/\/no.cgmsite.dk\/malibu\/wp-json\/wp\/v2\/pages\/3952\/revisions\/5330"}],"wp:attachment":[{"href":"https:\/\/no.cgmsite.dk\/malibu\/wp-json\/wp\/v2\/media?parent=3952"}],"curies":[{"name":"wp","href":"https:\/\/api.w.org\/{rel}","templated":true}]}}