{"id":5199,"date":"2020-06-09T14:02:11","date_gmt":"2020-06-09T12:02:11","guid":{"rendered":"https:\/\/no.cgmsite.dk\/malibu\/?page_id=5199"},"modified":"2020-06-09T16:08:24","modified_gmt":"2020-06-09T14:08:24","slug":"pasient-hos-oss","status":"publish","type":"page","link":"https:\/\/no.cgmsite.dk\/malibu\/pasient-hos-oss\/","title":{"rendered":"Pasient hos oss"},"content":{"rendered":"\n<p>Her kan du skrive litt om hva som kan v\u00e6re lurt av pasienter \u00e5 gj\u00f8re eller forberede ved bes\u00f8k hos legekontoret. Er det noe de b\u00f8r ta med eller huske p\u00e5?<br>Hvor lang tid i forkant av legetimen b\u00f8r de stille, osv.<\/p>\n","protected":false},"excerpt":{"rendered":"<p>Her kan du skrive litt om hva som kan v\u00e6re lurt av pasienter \u00e5 gj\u00f8re eller forberede ved bes\u00f8k hos legekontoret. Er det noe de b\u00f8r ta med eller huske p\u00e5?Hvor lang tid i forkant av legetimen b\u00f8r de stille, osv.<\/p>\n","protected":false},"author":4,"featured_media":0,"parent":0,"menu_order":0,"comment_status":"closed","ping_status":"closed","template":"","meta":{"_uag_custom_page_level_css":"","ocean_post_layout":"","ocean_both_sidebars_style":"","ocean_both_sidebars_content_width":0,"ocean_both_sidebars_sidebars_width":0,"ocean_sidebar":"0","ocean_second_sidebar":"0","ocean_disable_margins":"enable","ocean_add_body_class":"","ocean_shortcode_before_top_bar":"","ocean_shortcode_after_top_bar":"","ocean_shortcode_before_header":"","ocean_shortcode_after_header":"","ocean_has_shortcode":"","ocean_shortcode_after_title":"","ocean_shortcode_before_footer_widgets":"","ocean_shortcode_after_footer_widgets":"","ocean_shortcode_before_footer_bottom":"","ocean_shortcode_after_footer_bottom":"","ocean_display_top_bar":"default","ocean_display_header":"default","ocean_header_style":"","ocean_center_header_left_menu":"0","ocean_custom_header_template":"0","ocean_custom_logo":0,"ocean_custom_retina_logo":0,"ocean_custom_logo_max_width":0,"ocean_custom_logo_tablet_max_width":0,"ocean_custom_logo_mobile_max_width":0,"ocean_custom_logo_max_height":0,"ocean_custom_logo_tablet_max_height":0,"ocean_custom_logo_mobile_max_height":0,"ocean_header_custom_menu":"0","ocean_menu_typo_font_family":"0","ocean_menu_typo_font_subset":"","ocean_menu_typo_font_size":0,"ocean_menu_typo_font_size_tablet":0,"ocean_menu_typo_font_size_mobile":0,"ocean_menu_typo_font_size_unit":"px","ocean_menu_typo_font_weight":"","ocean_menu_typo_font_weight_tablet":"","ocean_menu_typo_font_weight_mobile":"","ocean_menu_typo_transform":"","ocean_menu_typo_transform_tablet":"","ocean_menu_typo_transform_mobile":"","ocean_menu_typo_line_height":0,"ocean_menu_typo_line_height_tablet":0,"ocean_menu_typo_line_height_mobile":0,"ocean_menu_typo_line_height_unit":"","ocean_menu_typo_spacing":0,"ocean_menu_typo_spacing_tablet":0,"ocean_menu_typo_spacing_mobile":0,"ocean_menu_typo_spacing_unit":"","ocean_menu_link_color":"","ocean_menu_link_color_hover":"","ocean_menu_link_color_active":"","ocean_menu_link_background":"","ocean_menu_link_hover_background":"","ocean_menu_link_active_background":"","ocean_menu_social_links_bg":"","ocean_menu_social_hover_links_bg":"","ocean_menu_social_links_color":"","ocean_menu_social_hover_links_color":"","ocean_disable_title":"default","ocean_disable_heading":"default","ocean_post_title":"","ocean_post_subheading":"","ocean_post_title_style":"","ocean_post_title_background_color":"","ocean_post_title_background":0,"ocean_post_title_bg_image_position":"","ocean_post_title_bg_image_attachment":"","ocean_post_title_bg_image_repeat":"","ocean_post_title_bg_image_size":"","ocean_post_title_height":0,"ocean_post_title_bg_overlay":0.5,"ocean_post_title_bg_overlay_color":"","ocean_disable_breadcrumbs":"default","ocean_breadcrumbs_color":"","ocean_breadcrumbs_separator_color":"","ocean_breadcrumbs_links_color":"","ocean_breadcrumbs_links_hover_color":"","ocean_display_footer_widgets":"default","ocean_display_footer_bottom":"default","ocean_custom_footer_template":"0","footnotes":""},"class_list":["post-5199","page","type-page","status-publish","hentry","entry"],"featured_image_urls_v2":{"full":"","thumbnail":"","medium":"","medium_large":"","large":"","1536x1536":"","2048x2048":"","ocean-thumb-m":"","ocean-thumb-ml":"","ocean-thumb-l":""},"post_excerpt_stackable_v2":"<p>Her kan du skrive litt om hva som kan v\u00e6re lurt av pasienter \u00e5 gj\u00f8re eller forberede ved bes\u00f8k hos legekontoret. Er det noe de b\u00f8r ta med eller huske p\u00e5?Hvor lang tid i forkant av legetimen b\u00f8r de stille, osv.<\/p>\n","category_list_v2":"","author_info_v2":{"name":"tineno","url":"https:\/\/no.cgmsite.dk\/malibu\/author\/tineno\/"},"comments_num_v2":"0 kommentarer","uagb_featured_image_src":{"full":false,"thumbnail":false,"medium":false,"medium_large":false,"large":false,"1536x1536":false,"2048x2048":false,"ocean-thumb-m":false,"ocean-thumb-ml":false,"ocean-thumb-l":false},"uagb_author_info":{"display_name":"tineno","author_link":"https:\/\/no.cgmsite.dk\/malibu\/author\/tineno\/"},"uagb_comment_info":0,"uagb_excerpt":"Her kan du skrive litt om hva som kan v\u00e6re lurt av pasienter \u00e5 gj\u00f8re eller forberede ved bes\u00f8k hos legekontoret. Er det noe de b\u00f8r ta med eller huske p\u00e5?Hvor lang tid i forkant av legetimen b\u00f8r de stille, osv.","_links":{"self":[{"href":"https:\/\/no.cgmsite.dk\/malibu\/wp-json\/wp\/v2\/pages\/5199","targetHints":{"allow":["GET"]}}],"collection":[{"href":"https:\/\/no.cgmsite.dk\/malibu\/wp-json\/wp\/v2\/pages"}],"about":[{"href":"https:\/\/no.cgmsite.dk\/malibu\/wp-json\/wp\/v2\/types\/page"}],"author":[{"embeddable":true,"href":"https:\/\/no.cgmsite.dk\/malibu\/wp-json\/wp\/v2\/users\/4"}],"replies":[{"embeddable":true,"href":"https:\/\/no.cgmsite.dk\/malibu\/wp-json\/wp\/v2\/comments?post=5199"}],"version-history":[{"count":3,"href":"https:\/\/no.cgmsite.dk\/malibu\/wp-json\/wp\/v2\/pages\/5199\/revisions"}],"predecessor-version":[{"id":5243,"href":"https:\/\/no.cgmsite.dk\/malibu\/wp-json\/wp\/v2\/pages\/5199\/revisions\/5243"}],"wp:attachment":[{"href":"https:\/\/no.cgmsite.dk\/malibu\/wp-json\/wp\/v2\/media?parent=5199"}],"curies":[{"name":"wp","href":"https:\/\/api.w.org\/{rel}","templated":true}]}}