{"id":1841,"date":"2019-09-30T16:24:00","date_gmt":"2019-09-30T14:24:00","guid":{"rendered":"https:\/\/site1.cgd.dk\/?page_id=1841"},"modified":"2023-02-28T10:46:07","modified_gmt":"2023-02-28T09:46:07","slug":"priser","status":"publish","type":"page","link":"https:\/\/no.cgmsite.dk\/marine\/priser\/","title":{"rendered":"Priser"},"content":{"rendered":"<p><\/p>\n\n\n<figure class=\"wp-block-table alignfull is-style-stripes\"><table class=\"has-fixed-layout\"><thead><tr><th class=\"has-text-align-left\" data-align=\"left\"><b>Konsultasjonstype<\/b><\/th><th class=\"has-text-align-right\" data-align=\"right\"><b>Pris<\/b><\/th><\/tr><\/thead><tbody><tr><td class=\"has-text-align-left\" data-align=\"left\">Konsultasjon hos allmennpraktiserende lege\/spesialist<\/td><td class=\"has-text-align-right\" data-align=\"right\">kr 154 <\/td><\/tr><tr><td class=\"has-text-align-left\" data-align=\"left\">Enkel pasientkontakt, foresp\u00f8rsel, r\u00e5dgivning<\/td><td class=\"has-text-align-right\" data-align=\"right\">kr 65<\/td><\/tr><tr><td class=\"has-text-align-left\" data-align=\"left\">Blodpr\u00f8vetaking og andre pr\u00f8ver<\/td><td class=\"has-text-align-right\" data-align=\"right\"> kr 65<\/td><\/tr><tr><td class=\"has-text-align-left\" data-align=\"left\">Etc<\/td><td class=\"has-text-align-right\" data-align=\"right\">kr  0<\/td><\/tr><\/tbody><\/table><\/figure>\n\n\n\n<p><\/p>\n\n\n<p>\u00a0<\/p>\n<p><!--EndFragment--><\/p>","protected":false},"excerpt":{"rendered":"<p>Konsultasjonstype Pris Konsultasjon hos allmennpraktiserende lege\/spesialist kr 154 Enkel pasientkontakt, foresp\u00f8rsel, r\u00e5dgivning kr 65 Blodpr\u00f8vetaking og andre pr\u00f8ver kr 65 Etc kr 0 \u00a0<\/p>\n","protected":false},"author":3,"featured_media":0,"parent":0,"menu_order":0,"comment_status":"closed","ping_status":"closed","template":"","meta":{"_uag_custom_page_level_css":"","ocean_post_layout":"","ocean_both_sidebars_style":"","ocean_both_sidebars_content_width":0,"ocean_both_sidebars_sidebars_width":0,"ocean_sidebar":"0","ocean_second_sidebar":"0","ocean_disable_margins":"enable","ocean_add_body_class":"","ocean_shortcode_before_top_bar":"","ocean_shortcode_after_top_bar":"","ocean_shortcode_before_header":"","ocean_shortcode_after_header":"","ocean_has_shortcode":"","ocean_shortcode_after_title":"","ocean_shortcode_before_footer_widgets":"","ocean_shortcode_after_footer_widgets":"","ocean_shortcode_before_footer_bottom":"","ocean_shortcode_after_footer_bottom":"","ocean_display_top_bar":"default","ocean_display_header":"default","ocean_header_style":"","ocean_center_header_left_menu":"0","ocean_custom_header_template":"0","ocean_custom_logo":0,"ocean_custom_retina_logo":0,"ocean_custom_logo_max_width":0,"ocean_custom_logo_tablet_max_width":0,"ocean_custom_logo_mobile_max_width":0,"ocean_custom_logo_max_height":0,"ocean_custom_logo_tablet_max_height":0,"ocean_custom_logo_mobile_max_height":0,"ocean_header_custom_menu":"0","ocean_menu_typo_font_family":"0","ocean_menu_typo_font_subset":"","ocean_menu_typo_font_size":0,"ocean_menu_typo_font_size_tablet":0,"ocean_menu_typo_font_size_mobile":0,"ocean_menu_typo_font_size_unit":"px","ocean_menu_typo_font_weight":"","ocean_menu_typo_font_weight_tablet":"","ocean_menu_typo_font_weight_mobile":"","ocean_menu_typo_transform":"","ocean_menu_typo_transform_tablet":"","ocean_menu_typo_transform_mobile":"","ocean_menu_typo_line_height":0,"ocean_menu_typo_line_height_tablet":0,"ocean_menu_typo_line_height_mobile":0,"ocean_menu_typo_line_height_unit":"","ocean_menu_typo_spacing":0,"ocean_menu_typo_spacing_tablet":0,"ocean_menu_typo_spacing_mobile":0,"ocean_menu_typo_spacing_unit":"","ocean_menu_link_color":"","ocean_menu_link_color_hover":"","ocean_menu_link_color_active":"","ocean_menu_link_background":"","ocean_menu_link_hover_background":"","ocean_menu_link_active_background":"","ocean_menu_social_links_bg":"","ocean_menu_social_hover_links_bg":"","ocean_menu_social_links_color":"","ocean_menu_social_hover_links_color":"","ocean_disable_title":"default","ocean_disable_heading":"default","ocean_post_title":"","ocean_post_subheading":"","ocean_post_title_style":"","ocean_post_title_background_color":"","ocean_post_title_background":0,"ocean_post_title_bg_image_position":"","ocean_post_title_bg_image_attachment":"","ocean_post_title_bg_image_repeat":"","ocean_post_title_bg_image_size":"","ocean_post_title_height":0,"ocean_post_title_bg_overlay":0.5,"ocean_post_title_bg_overlay_color":"","ocean_disable_breadcrumbs":"default","ocean_breadcrumbs_color":"","ocean_breadcrumbs_separator_color":"","ocean_breadcrumbs_links_color":"","ocean_breadcrumbs_links_hover_color":"","ocean_display_footer_widgets":"default","ocean_display_footer_bottom":"default","ocean_custom_footer_template":"0","footnotes":""},"class_list":["post-1841","page","type-page","status-publish","hentry","entry"],"featured_image_urls_v2":{"full":"","thumbnail":"","medium":"","medium_large":"","large":"","1536x1536":"","2048x2048":"","ocean-thumb-m":"","ocean-thumb-ml":"","ocean-thumb-l":""},"post_excerpt_stackable_v2":"<p>KonsultasjonstypePrisKonsultasjon hos allmennpraktiserende lege\/spesialistkr 154 Enkel pasientkontakt, foresp\u00f8rsel, r\u00e5dgivningkr 65Blodpr\u00f8vetaking og andre pr\u00f8ver kr 65Etckr 0 \u00a0<\/p>\n","category_list_v2":"","author_info_v2":{"name":"cgmdk","url":"https:\/\/no.cgmsite.dk\/marine\/author\/cgmdk\/"},"comments_num_v2":"0 kommentarer","uagb_featured_image_src":{"full":false,"thumbnail":false,"medium":false,"medium_large":false,"large":false,"1536x1536":false,"2048x2048":false,"ocean-thumb-m":false,"ocean-thumb-ml":false,"ocean-thumb-l":false},"uagb_author_info":{"display_name":"cgmdk","author_link":"https:\/\/no.cgmsite.dk\/marine\/author\/cgmdk\/"},"uagb_comment_info":0,"uagb_excerpt":"Konsultasjonstype Pris Konsultasjon hos allmennpraktiserende lege\/spesialist kr 154 Enkel pasientkontakt, foresp\u00f8rsel, r\u00e5dgivning kr 65 Blodpr\u00f8vetaking og andre pr\u00f8ver kr 65 Etc kr 0 \u00a0","_links":{"self":[{"href":"https:\/\/no.cgmsite.dk\/marine\/wp-json\/wp\/v2\/pages\/1841","targetHints":{"allow":["GET"]}}],"collection":[{"href":"https:\/\/no.cgmsite.dk\/marine\/wp-json\/wp\/v2\/pages"}],"about":[{"href":"https:\/\/no.cgmsite.dk\/marine\/wp-json\/wp\/v2\/types\/page"}],"author":[{"embeddable":true,"href":"https:\/\/no.cgmsite.dk\/marine\/wp-json\/wp\/v2\/users\/3"}],"replies":[{"embeddable":true,"href":"https:\/\/no.cgmsite.dk\/marine\/wp-json\/wp\/v2\/comments?post=1841"}],"version-history":[{"count":13,"href":"https:\/\/no.cgmsite.dk\/marine\/wp-json\/wp\/v2\/pages\/1841\/revisions"}],"predecessor-version":[{"id":4326,"href":"https:\/\/no.cgmsite.dk\/marine\/wp-json\/wp\/v2\/pages\/1841\/revisions\/4326"}],"wp:attachment":[{"href":"https:\/\/no.cgmsite.dk\/marine\/wp-json\/wp\/v2\/media?parent=1841"}],"curies":[{"name":"wp","href":"https:\/\/api.w.org\/{rel}","templated":true}]}}